{"id":1931,"date":"2021-10-15T16:06:22","date_gmt":"2021-10-15T14:06:22","guid":{"rendered":"https:\/\/allyouneat.com\/?page_id=1931"},"modified":"2024-10-22T22:06:48","modified_gmt":"2024-10-22T20:06:48","slug":"kamelienoel","status":"publish","type":"page","link":"https:\/\/allyouneat.com\/de\/kosmetische-inhaltsstoffe\/kamelienoel\/","title":{"rendered":"Camellia Kissi Seed Oil"},"content":{"rendered":"\n<h2 class=\"wp-block-heading\">INCI-Bezeichnung: CAMELLIA KISSI SEED OIL<\/h2>\n\n<h3 class=\"wp-block-heading\"><strong>Entstehung<\/strong><\/h3>\n\n<p>Kamelien\u00f6l (Camellia Kissi Seed Oil), auch bekannt als &#8222;Tsubaki-\u00d6l&#8220; oder Sasanqua-\u00d6l, wird im Orient seit Jahrzehnten zur Haarpflege verwendet. In exklusiven japanischen Restaurants wird es zum Braten und Backen verwendet. Es wird aus den Samenkapseln von Camelia sasanqua gewonnen.<\/p>\n\n<h3 class=\"wp-block-heading\"><strong>Wirkung<\/strong><\/h3>\n\n<p>Die Triglyceride enthalten 88,5% \u00d6ls\u00e4ure, den h\u00f6chsten Gehalt, der bisher in Pflanzen\u00f6len gefunden wurde.<\/p>\n\n<ul class=\"wp-block-list\">\n<li>hautpflegend<\/li>\n\n\n\n<li>geschmeidig machend<\/li>\n<\/ul>\n\n<h3 class=\"wp-block-heading\"><strong>Verwendung<\/strong><\/h3>\n\n<p>In hochwertigen Hautpflegeprodukten.<\/p>\n\n<p><\/p>\n\n<div class=\"wp-block-columns is-layout-flex wp-container-core-columns-is-layout-e0e4babd wp-block-columns-is-layout-flex\" style=\"padding-right:0;padding-left:0\">\n<div class=\"wp-block-column is-layout-flow wp-block-column-is-layout-flow\"><\/div>\n\n\n\n<div class=\"wp-block-column is-layout-flow wp-block-column-is-layout-flow\"><\/div>\n<\/div>\n","protected":false},"excerpt":{"rendered":"<p>INCI-Bezeichnung: CAMELLIA KISSI SEED OIL Entstehung Kamelien\u00f6l (Camellia Kissi Seed Oil), auch bekannt als &#8222;Tsubaki-\u00d6l&#8220; oder Sasanqua-\u00d6l, wird im Orient [&hellip;]<\/p>\n","protected":false},"author":1,"featured_media":0,"parent":1871,"menu_order":0,"comment_status":"closed","ping_status":"closed","template":"","meta":{"_seopress_robots_primary_cat":"","_seopress_titles_title":"","_seopress_titles_desc":"%%post_excerpt%%","_seopress_robots_index":"","site-sidebar-layout":"default","site-content-layout":"","ast-site-content-layout":"default","site-content-style":"default","site-sidebar-style":"default","ast-global-header-display":"","ast-banner-title-visibility":"","ast-main-header-display":"","ast-hfb-above-header-display":"","ast-hfb-below-header-display":"","ast-hfb-mobile-header-display":"","site-post-title":"","ast-breadcrumbs-content":"","ast-featured-img":"","footer-sml-layout":"","ast-disable-related-posts":"","theme-transparent-header-meta":"","adv-header-id-meta":"","stick-header-meta":"","header-above-stick-meta":"","header-main-stick-meta":"","header-below-stick-meta":"","astra-migrate-meta-layouts":"default","ast-page-background-enabled":"default","ast-page-background-meta":{"desktop":{"background-color":"var(--ast-global-color-5)","background-image":"","background-repeat":"repeat","background-position":"center center","background-size":"auto","background-attachment":"scroll","background-type":"","background-media":"","overlay-type":"","overlay-color":"","overlay-opacity":"","overlay-gradient":""},"tablet":{"background-color":"","background-image":"","background-repeat":"repeat","background-position":"center center","background-size":"auto","background-attachment":"scroll","background-type":"","background-media":"","overlay-type":"","overlay-color":"","overlay-opacity":"","overlay-gradient":""},"mobile":{"background-color":"","background-image":"","background-repeat":"repeat","background-position":"center center","background-size":"auto","background-attachment":"scroll","background-type":"","background-media":"","overlay-type":"","overlay-color":"","overlay-opacity":"","overlay-gradient":""}},"ast-content-background-meta":{"desktop":{"background-color":"var(--ast-global-color-4)","background-image":"","background-repeat":"repeat","background-position":"center center","background-size":"auto","background-attachment":"scroll","background-type":"","background-media":"","overlay-type":"","overlay-color":"","overlay-opacity":"","overlay-gradient":""},"tablet":{"background-color":"var(--ast-global-color-4)","background-image":"","background-repeat":"repeat","background-position":"center center","background-size":"auto","background-attachment":"scroll","background-type":"","background-media":"","overlay-type":"","overlay-color":"","overlay-opacity":"","overlay-gradient":""},"mobile":{"background-color":"var(--ast-global-color-4)","background-image":"","background-repeat":"repeat","background-position":"center center","background-size":"auto","background-attachment":"scroll","background-type":"","background-media":"","overlay-type":"","overlay-color":"","overlay-opacity":"","overlay-gradient":""}},"iawp_total_views":1,"footnotes":""},"class_list":["post-1931","page","type-page","status-publish"],"_links":{"self":[{"href":"https:\/\/allyouneat.com\/de\/wp-json\/wp\/v2\/pages\/1931","targetHints":{"allow":["GET"]}}],"collection":[{"href":"https:\/\/allyouneat.com\/de\/wp-json\/wp\/v2\/pages"}],"about":[{"href":"https:\/\/allyouneat.com\/de\/wp-json\/wp\/v2\/types\/page"}],"author":[{"embeddable":true,"href":"https:\/\/allyouneat.com\/de\/wp-json\/wp\/v2\/users\/1"}],"replies":[{"embeddable":true,"href":"https:\/\/allyouneat.com\/de\/wp-json\/wp\/v2\/comments?post=1931"}],"version-history":[{"count":0,"href":"https:\/\/allyouneat.com\/de\/wp-json\/wp\/v2\/pages\/1931\/revisions"}],"up":[{"embeddable":true,"href":"https:\/\/allyouneat.com\/de\/wp-json\/wp\/v2\/pages\/1871"}],"wp:attachment":[{"href":"https:\/\/allyouneat.com\/de\/wp-json\/wp\/v2\/media?parent=1931"}],"curies":[{"name":"wp","href":"https:\/\/api.w.org\/{rel}","templated":true}]}}