{"id":19352,"date":"2024-04-05T20:15:49","date_gmt":"2024-04-05T18:15:49","guid":{"rendered":"https:\/\/allyouneat.com\/startseite\/"},"modified":"2026-04-09T12:55:36","modified_gmt":"2026-04-09T10:55:36","slug":"startseite","status":"publish","type":"page","link":"https:\/\/allyouneat.com\/de\/","title":{"rendered":"Startseite"},"content":{"rendered":"\n<div class=\"wp-block-cover alignfull\" style=\"margin-top:0;margin-bottom:0;padding-top:0;padding-right:0;padding-bottom:0;padding-left:0;min-height:651px;aspect-ratio:unset;\"><img decoding=\"async\" width=\"1920\" height=\"1280\" class=\"wp-block-cover__image-background wp-image-18376 size-large\" alt=\"\" src=\"https:\/\/allyouneat.com\/wp-content\/uploads\/\/all-you-neat-67-1920x1280.jpg\" data-object-fit=\"cover\"\/><span aria-hidden=\"true\" class=\"wp-block-cover__background has-background-dim-10 has-background-dim\"><\/span><div class=\"wp-block-cover__inner-container is-layout-constrained wp-container-core-cover-is-layout-2c5e8191 wp-block-cover-is-layout-constrained\">\n<div class=\"wp-block-group alignwide has-background is-layout-constrained wp-container-core-group-is-layout-8845333c wp-block-group-is-layout-constrained\" style=\"background-color:#000000a1;padding-top:1.5rem;padding-right:var(--wp--preset--spacing--40);padding-bottom:1.5rem;padding-left:var(--wp--preset--spacing--40)\">\n<h1 class=\"wp-block-heading has-text-align-center text-4xl text-primary has-white-color has-text-color has-link-color wp-elements-2719a947d8b1a9d3551a14d5564929c5\">Eine Creme. 30 Sekunden. Sch\u00f6nere Haut.  <\/h1>\n\n\n\n<p class=\"has-text-align-center is-style-text-subtitle text-primary text-m has-white-color has-text-color has-link-color wp-elements-95d55eb0c50fc3938c1dd2ee48021b5d\">Die wissenschaftlich fundierte All-in-One-Hautpflegeroutine f\u00fcr M\u00e4nner, die Serum, <br\/>Feuchtigkeitscreme und Augencreme ersetzt. <br\/>Wenige Schritte, maximale Ergebnisse.<\/p>\n\n\n\n<div class=\"wp-block-buttons is-content-justification-center is-layout-flex wp-container-core-buttons-is-layout-a89b3969 wp-block-buttons-is-layout-flex\">\n<div class=\"wp-block-button text-s\"><a class=\"wp-block-button__link has-custom-font-size wp-element-button\" href=\"https:\/\/allyouneat.com\/product\/ultimate-age-defense-face-cream-men\/\" style=\"font-size:18px;letter-spacing:1px\">Upgrade Deine Routine<\/a><\/div>\n<\/div>\n<\/div>\n<\/div><\/div>\n\n<div class=\"wp-block-columns alignwide are-vertically-aligned-center is-layout-flex wp-container-core-columns-is-layout-07b7b7eb wp-block-columns-is-layout-flex\" style=\"padding-top:0;padding-right:0;padding-bottom:0;padding-left:0\">\n<div class=\"wp-block-column is-vertically-aligned-center is-layout-constrained wp-container-core-column-is-layout-3abf93f6 wp-block-column-is-layout-constrained\" style=\"padding-top:var(--wp--preset--spacing--50)\">\n<div class=\"wp-block-outermost-icon-block items-justified-center\"><div class=\"icon-container\" style=\"width:25px;transform:rotate(0deg) scaleX(1) scaleY(1)\"><svg xmlns=\"http:\/\/www.w3.org\/2000\/svg\" viewbox=\"0 0 24 24\" fill=\"none\"><g id=\"SVGRepo_bgCarrier\" stroke-width=\"0\"><\/g><g id=\"SVGRepo_tracerCarrier\" stroke-linecap=\"round\" stroke-linejoin=\"round\"><\/g><g id=\"SVGRepo_iconCarrier\"><path d=\"M19 21C19 20.663 18.9818 20.3293 18.9463 20M5 3C5 3.33701 5.01817 3.67071 5.0537 4M5 21C5 16.8566 7.74671 13.2152 11.7307 12.077L12.2693 11.923C16.2533 10.7848 19 7.14339 19 3M15 4H5.0537M12.5 8H6.46206M9 20H18.9463M11.5 16H17.5379M18.9463 20C18.7899 18.5509 18.2974 17.187 17.5379 16M17.5379 16C16.3482 14.1405 14.5033 12.7152 12.2693 12.077L11.7307 11.923C9.49674 11.2848 7.65184 9.8595 6.46206 8M5.0537 4C5.21006 5.44909 5.70259 6.81301 6.46206 8\" stroke=\"#000000\" stroke-width=\"2\" stroke-linecap=\"round\" stroke-linejoin=\"round\"><\/path><\/g><\/svg><\/div><\/div>\n\n\n\n<p class=\"has-text-align-center has-small-font-size\">Speziell f\u00fcr M\u00e4nner entwickelt<\/p>\n<\/div>\n\n\n\n<div class=\"wp-block-column is-vertically-aligned-center is-layout-flow wp-container-core-column-is-layout-20e171af wp-block-column-is-layout-flow\" style=\"padding-top:var(--wp--preset--spacing--50)\">\n<div class=\"wp-block-outermost-icon-block items-justified-center\"><div class=\"icon-container\" style=\"width:25px;transform:rotate(0deg) scaleX(1) scaleY(1)\"><svg xmlns=\"http:\/\/www.w3.org\/2000\/svg\" viewbox=\"0 0 24 24\" fill=\"#000000\"><g id=\"SVGRepo_bgCarrier\" stroke-width=\"0\"><\/g><g id=\"SVGRepo_tracerCarrier\" stroke-linecap=\"round\" stroke-linejoin=\"round\"><\/g><g id=\"SVGRepo_iconCarrier\"><path d=\"M17,8C8,10,5.9,16.17,3.82,21.34L5.71,22l1-2.3A4.49,4.49,0,0,0,8,20C19,20,22,3,22,3,21,5,14,5.25,9,6.25S2,11.5,2,13.5a6.22,6.22,0,0,0,1.75,3.75C7,8,17,8,17,8Z\"><\/path><rect width=\"24\" height=\"24\" fill=\"none\"><\/rect><\/g><\/svg><\/div><\/div>\n\n\n\n<p class=\"has-text-align-center has-small-font-size\">Vegane &amp; nat\u00fcrliche Kosmetik<\/p>\n<\/div>\n\n\n\n<div class=\"wp-block-column is-vertically-aligned-center is-layout-flow wp-container-core-column-is-layout-20e171af wp-block-column-is-layout-flow\" style=\"padding-top:var(--wp--preset--spacing--50)\">\n<div class=\"wp-block-outermost-icon-block items-justified-center\"><div class=\"icon-container\" style=\"width:25px;transform:rotate(0deg) scaleX(1) scaleY(1)\"><svg xmlns=\"http:\/\/www.w3.org\/2000\/svg\" viewbox=\"0 0 24 24\" fill=\"none\"><g id=\"SVGRepo_bgCarrier\" stroke-width=\"0\"><\/g><g id=\"SVGRepo_tracerCarrier\" stroke-linecap=\"round\" stroke-linejoin=\"round\"><\/g><g id=\"SVGRepo_iconCarrier\"><path d=\"M5.75 1C6.16421 1 6.5 1.33579 6.5 1.75V3.6L8.22067 3.25587C9.8712 2.92576 11.5821 3.08284 13.1449 3.70797L13.5582 3.87329C14.9831 4.44323 16.5513 4.54967 18.0401 4.17746C18.6711 4.01972 19.1778 4.7036 18.8432 5.26132L17.5647 7.39221C17.2232 7.96137 17.0524 8.24595 17.0119 8.55549C16.9951 8.68461 16.9951 8.81539 17.0119 8.94451C17.0524 9.25405 17.2232 9.53863 17.5647 10.1078L19.1253 12.7089C19.4361 13.2269 19.1582 13.898 18.5721 14.0445L18.472 14.0695C16.7024 14.5119 14.8385 14.3854 13.1449 13.708C11.5821 13.0828 9.8712 12.9258 8.22067 13.2559L6.5 13.6V21.75C6.5 22.1642 6.16421 22.5 5.75 22.5C5.33579 22.5 5 22.1642 5 21.75V1.75C5 1.33579 5.33579 1 5.75 1Z\" fill=\"#1C274C\"><\/path><\/g><\/svg><\/div><\/div>\n\n\n\n<p class=\"has-text-align-center has-small-font-size\" style=\"padding-top:0;padding-bottom:0\">Hergestellt in Deutschland<\/p>\n<\/div>\n\n\n\n<div class=\"wp-block-column is-vertically-aligned-center is-layout-flow wp-container-core-column-is-layout-24f95259 wp-block-column-is-layout-flow\" style=\"padding-top:var(--wp--preset--spacing--50);padding-bottom:0\">\n<div class=\"wp-block-outermost-icon-block items-justified-center\"><div class=\"icon-container\" style=\"width:25px;transform:rotate(0deg) scaleX(1) scaleY(1)\"><svg xmlns:inkscape=\"http:\/\/www.inkscape.org\/namespaces\/inkscape\" xmlns:sodipodi=\"http:\/\/sodipodi.sourceforge.net\/DTD\/sodipodi-0.dtd\" xmlns=\"http:\/\/www.w3.org\/2000\/svg\" xmlns:svg=\"http:\/\/www.w3.org\/2000\/svg\" viewbox=\"0 0 600 600\" version=\"1.1\" id=\"svg9724\" sodipodi:docname=\"shield.svg\" inkscape:version=\"1.2.2 (1:1.2.2+202212051550+b0a8486541)\" fill=\"#000000\"><g id=\"SVGRepo_bgCarrier\" stroke-width=\"0\"><\/g><g id=\"SVGRepo_tracerCarrier\" stroke-linecap=\"round\" stroke-linejoin=\"round\"><\/g><g id=\"SVGRepo_iconCarrier\"><defs id=\"defs9728\"><\/defs><sodipodi:namedview id=\"namedview9726\" pagecolor=\"#ffffff\" bordercolor=\"#666666\" borderopacity=\"1.0\" inkscape:showpageshadow=\"2\" inkscape:pageopacity=\"0.0\" inkscape:pagecheckerboard=\"0\" inkscape:deskcolor=\"#d1d1d1\" showgrid=\"true\" inkscape:zoom=\"0.59480855\" inkscape:cx=\"-71.451562\" inkscape:cy=\"490.07365\" inkscape:window-width=\"1920\" inkscape:window-height=\"1009\" inkscape:window-x=\"0\" inkscape:window-y=\"1080\" inkscape:window-maximized=\"1\" inkscape:current-layer=\"svg9724\" showguides=\"true\"><inkscape:grid type=\"xygrid\" id=\"grid9972\" originx=\"0\" originy=\"0\"><\/inkscape:grid><sodipodi:guide position=\"-260,300\" orientation=\"0,-1\" id=\"guide383\" inkscape:locked=\"false\"><\/sodipodi:guide><sodipodi:guide position=\"300,520\" orientation=\"1,0\" id=\"guide385\" inkscape:locked=\"false\"><\/sodipodi:guide><sodipodi:guide position=\"-20,485\" orientation=\"0,-1\" id=\"guide939\" inkscape:locked=\"false\"><\/sodipodi:guide><sodipodi:guide position=\"220,80\" orientation=\"0,-1\" id=\"guide941\" inkscape:locked=\"false\"><\/sodipodi:guide><\/sodipodi:namedview><path style=\"color:#000000;fill:#000000;stroke-linecap:round;stroke-linejoin:round;inkscape-stroke:none\" d=\"M 306.69922,0.56640625 A 40.004,40.004 0 0 0 277.99219,6.5976562 C 204.79182,54.825771 125.81459,72.88975 38.791016,75.519531 A 40.004,40.004 0 0 0 0,115.5 v 220.50195 a 40.004,40.004 0 0 0 1.3710937,10.38086 C 39.09458,486.73938 151.61272,564.6318 290.42969,598.83789 a 40.004,40.004 0 0 0 22.10937,-0.85352 c 84.5282,-27.90596 150.60818,-61.57843 199.21485,-103.8164 48.60666,-42.23797 79.13088,-94.46851 87.80273,-152.22852 A 40.004,40.004 0 0 0 600,336.00195 V 115.5 A 40.004,40.004 0 0 0 561.00391,75.513672 C 475.04087,73.353443 395.63751,51.070433 320.69141,5.7675781 A 40.004,40.004 0 0 0 306.69922,0.56640625 Z M 300.76172,86.511719 C 369.7741,124.31081 443.38143,146.24652 520,153.20703 v 179.13086 c -6.15426,37.49888 -24.30727,69.80465 -60.71875,101.44531 -35.35808,30.72528 -88.64495,59.51581 -160.88281,84.41602 C 183.69467,487.81295 109.69559,434.29108 80,330.10352 V 153.25195 c 75.9078,-6.41545 150.6825,-25.7363 220.76172,-66.740231 z\" id=\"path407\"><\/path><path style=\"color:#000000;fill:#000000;stroke-linecap:round;stroke-linejoin:round;inkscape-stroke:none\" d=\"m 400.41602,198.78906 a 40,40 0 0 0 -28.4043,11.41992 L 275,305.22461 227.98828,259.17969 a 40,40 0 0 0 -56.56445,0.58984 40,40 0 0 0 0.58789,56.56445 l 75,73.45704 a 40.004,40.004 0 0 0 55.97656,0 l 125,-122.42774 a 40,40 0 0 0 0.58789,-56.56445 40,40 0 0 0 -28.16015,-12.00977 z\" id=\"path1060\"><\/path><\/g><\/svg><\/div><\/div>\n\n\n\n<p class=\"has-text-align-center has-small-font-size\">Dermatologisch getestet<\/p>\n<\/div>\n<\/div>\n\n<div class=\"wp-block-columns are-vertically-aligned-center is-layout-flex wp-container-core-columns-is-layout-28f84493 wp-block-columns-is-layout-flex\">\n<div class=\"wp-block-column is-vertically-aligned-center is-layout-flow wp-block-column-is-layout-flow\">\n<p class=\"text-s\" style=\"line-height:0.4\">Sch\u00f6ne Haut. Eine gute Routine. <\/p>\n\n\n\n<h2 class=\"wp-block-heading\" style=\"margin-top:-20px;letter-spacing:1.5px\">Warum gerade ALL YOU NEAT?<\/h2>\n\n\n\n<ul class=\"wp-block-list\">\n<li><strong>Das Problem 5-Tuben-Problem:<\/strong> \u201eMan kauft ein Serum, eine Feuchtigkeitscreme und eine Augencreme. Nach drei Tagen h\u00f6rt man auf, sie zu benutzen, weil es zu lange dauert.\u201c<\/li>\n\n\n\n<li><strong>Das klebrige Finish: <\/strong>\u201eDrogeriecremes bleiben auf der Haut liegen und sorgen daf\u00fcr, dass das Gesicht den ganzen Tag \u00fcber gl\u00e4nzt, sich fettig anf\u00fchlt und unangenehm ist.\u201c<\/li>\n\n\n\n<li><strong>Die Angewohnheit, sich Produkte auszuleihen:<\/strong> \u201eDu benutzt heimlich die Produkte deines Partners, die nicht f\u00fcr die dickere, anspruchsvollere M\u00e4nnerhaut geeignet sind.\u201c<\/li>\n<\/ul>\n\n\n\n<h3 class=\"wp-block-heading\">Der 30-Sekunden-Reset.<\/h3>\n\n\n\n<p>Wir haben eine Gesichtspflegeroutine entwickelt, an die Sie sich tats\u00e4chlich halten werden. Eine sanfte Reinigung. Eine leistungsstarke Gesichtscreme, die die schwere Arbeit von drei Produkten \u00fcbernimmt. Zieht sofort ein, bek\u00e4mpft feine Linien und hinterl\u00e4sst keinen Glanz.   <\/p>\n\n\n\n<div class=\"wp-block-buttons is-content-justification-center is-layout-flex wp-container-core-buttons-is-layout-a89b3969 wp-block-buttons-is-layout-flex\">\n<div class=\"wp-block-button\"><a class=\"wp-block-button__link wp-element-button\" href=\"https:\/\/allyouneat.com\/de\/shop\/\" style=\"letter-spacing:1px\">Entdecke die Routine<\/a><\/div>\n<\/div>\n<\/div>\n\n\n\n<div class=\"wp-block-column is-vertically-aligned-center is-layout-flow wp-block-column-is-layout-flow\">\n<figure class=\"wp-block-video aligncenter\"><video height=\"1080\" style=\"aspect-ratio: 1920 \/ 1080;\" width=\"1920\" controls=\"\" poster=\"https:\/\/allyouneat.com\/wp-content\/uploads\/tom-happy.jpg\" preload=\"none\" src=\"https:\/\/allyouneat.com\/wp-content\/uploads\/LongAd_16-9_FullHD.mp4\"><\/video><\/figure>\n<\/div>\n<\/div>\n\n<h2 class=\"wp-block-heading has-text-align-center text-2xl\" style=\"margin-top:var(--wp--preset--spacing--50);margin-bottom:var(--wp--preset--spacing--40);letter-spacing:1px\">So funktioniert die Routine<\/h2>\n\n<p class=\"has-text-align-center\">Hautpflege sollte sich nicht wie Arbeit anf\u00fchlen. Unsere Gesichtspflegeroutine besteht aus zwei einfachen Schritten, der Sie einfach folgen k\u00f6nnen: <br\/>eine sanfte Reinigung, dann eine Creme, die die schwere Arbeit \u00fcbernimmt. <br\/>Keine Zw\u00f6lf-Schritte-Pl\u00e4ne, kein R\u00e4tselraten &#8211; nur saubere Haut und perfekte Ergebnisse. <\/p>\n\n<div class=\"wp-block-media-text is-stacked-on-mobile is-vertically-aligned-center is-image-fill-element\" style=\"border-top-left-radius:25px;border-top-right-radius:25px;border-bottom-left-radius:25px;border-bottom-right-radius:25px;padding-top:var(--wp--preset--spacing--50);padding-bottom:var(--wp--preset--spacing--50);grid-template-columns:49% auto\"><figure class=\"wp-block-media-text__media\"><img decoding=\"async\" width=\"1024\" height=\"1024\" src=\"https:\/\/allyouneat.com\/wp-content\/uploads\/face-care-set_marble.jpg\" alt=\"Abbildung des \u201eAll You Neat\u201c-Gesichtspflegesets auf Marmor\" class=\"wp-image-17724 size-full\" style=\"object-position:50% 50%\" srcset=\"https:\/\/allyouneat.com\/wp-content\/uploads\/face-care-set_marble.jpg 1024w, https:\/\/allyouneat.com\/wp-content\/uploads\/face-care-set_marble-300x300.jpg 300w, https:\/\/allyouneat.com\/wp-content\/uploads\/face-care-set_marble-100x100.jpg 100w, https:\/\/allyouneat.com\/wp-content\/uploads\/face-care-set_marble-600x600.jpg 600w, https:\/\/allyouneat.com\/wp-content\/uploads\/face-care-set_marble-150x150.jpg 150w, https:\/\/allyouneat.com\/wp-content\/uploads\/face-care-set_marble-768x768.jpg 768w\" sizes=\"(max-width: 1024px) 100vw, 1024px\" \/><\/figure><div class=\"wp-block-media-text__content\">\n<p><strong>Schritt 1 \u00b7 <a href=\"https:\/\/allyouneat.com\/de\/product-categories\/face-cream\/\" data-type=\"product-categories\" data-id=\"243\">Face Wash mit Aloe Vera<\/a><\/strong><\/p>\n\n\n\n<p>Entferne Schwei\u00df, Talg und Stadtschmutz, ohne dass sich deine Haut danach straff anf\u00fchlt oder spannt. Aloe Vera und milde Tenside reinigen gr\u00fcndlich, sind aber sanft zur Haut \u2013 sogar im Augenbereich \u2013, sodass die nachfolgenden Pflegeprodukte optimal einziehen k\u00f6nnen. <\/p>\n\n\n\n<p><strong>Schritt 2 \u00b7 <a href=\"https:\/\/allyouneat.com\/product\/ultimate-age-defense-face-cream-men\/\" data-type=\"fluent-products\" data-id=\"18011\">Ultimate Age Defense (3-in-1)<\/a><\/strong><\/p>\n\n\n\n<p class=\"text-m\">Eine Gesichtscreme, drei Aufgaben: Serum, Feuchtigkeitscreme und Augenpflege. Sie spendet schnell Feuchtigkeit, mildert das Erscheinungsbild feiner Linien und hilft, den t\u00e4glichen Stress abzuwehren &#8211; ohne zu gl\u00e4nzen oder zu kleben. <br\/>(Das dauert etwa 30 Sekunden. Dann kann der Tag weitergehen.)<\/p>\n\n\n\n<p class=\"has-small-font-size\"><strong>Hinweis zur ganzen Wahrheit<\/strong><br\/>Es gibt keine Wunder \u00fcber Nacht. Nur eine Routine, an die du dich tats\u00e4chlich halten wirst \u2013 weil sie so einfach ist \u2013 und eine Haut, die jede Woche ein bisschen besser aussieht. <\/p>\n\n\n\n<div class=\"wp-block-buttons is-layout-flex wp-block-buttons-is-layout-flex\" style=\"padding-top:var(--wp--preset--spacing--30)\">\n<div class=\"wp-block-button\"><a class=\"wp-block-button__link has-custom-font-size wp-element-button\" href=\"https:\/\/allyouneat.com\/product\/ultimate-age-defense-face-care-set\/\" style=\"font-size:18px;letter-spacing:1px\">Das Set kaufen<\/a><\/div>\n<\/div>\n<\/div><\/div>\n\n<div class=\"wp-block-columns are-vertically-aligned-center is-layout-flex wp-container-core-columns-is-layout-bd33f0e5 wp-block-columns-is-layout-flex\" style=\"padding-top:0;padding-right:0;padding-bottom:0;padding-left:0\">\n<div class=\"wp-block-column is-vertically-aligned-center is-layout-flow wp-block-column-is-layout-flow\">\n<figure class=\"wp-block-image size-medium_large\"><img decoding=\"async\" width=\"768\" height=\"768\" src=\"https:\/\/allyouneat.com\/wp-content\/uploads\/\/two-girls-playing-with-all-you-neat.-bottle-2-neat-768x768.jpeg\" alt=\"\" class=\"wp-image-18358\" style=\"aspect-ratio:1;object-fit:cover\"\/><\/figure>\n<\/div>\n\n\n\n<div class=\"wp-block-column is-vertically-aligned-center is-layout-flow wp-block-column-is-layout-flow\">\n<figure class=\"wp-block-image size-large\" style=\"margin-top:var(--wp--preset--spacing--60);margin-bottom:var(--wp--preset--spacing--60)\"><img decoding=\"async\" width=\"1920\" height=\"1280\" src=\"https:\/\/allyouneat.com\/wp-content\/uploads\/\/neat.-caps-1920x1280.jpg\" alt=\"\" class=\"wp-image-18360\" style=\"aspect-ratio:1;object-fit:cover\"\/><\/figure>\n<\/div>\n<\/div>\n\n<div class=\"wp-block-columns is-layout-flex wp-container-core-columns-is-layout-e242d015 wp-block-columns-is-layout-flex\" style=\"padding-top:var(--wp--preset--spacing--50);padding-right:0;padding-bottom:var(--wp--preset--spacing--50);padding-left:0\">\n<div class=\"wp-block-column is-layout-flow wp-block-column-is-layout-flow\">\n<h2 class=\"wp-block-heading has-text-align-center\">Unsere Produkte<\/h2>\n\n\n\n<div class=\"wp-block-columns is-layout-flex wp-container-core-columns-is-layout-07b7b7eb wp-block-columns-is-layout-flex\" style=\"padding-top:0;padding-right:0;padding-bottom:0;padding-left:0\">\n<div class=\"wp-block-column is-layout-flow wp-block-column-is-layout-flow\">\n<div class=\"wp-block-columns is-layout-flex wp-container-core-columns-is-layout-2bbbf1aa wp-block-columns-is-layout-flex\" style=\"padding-top:0;padding-right:0;padding-bottom:0;padding-left:0\">\n<div class=\"wp-block-column is-vertically-aligned-center is-layout-flow wp-block-column-is-layout-flow\" style=\"flex-basis:66.66%\">\n<figure class=\"wp-block-image size-full has-custom-border\"><a href=\"https:\/\/allyouneat.com\/product\/ultimate-age-defense-face-cream-men\/\"><img decoding=\"async\" width=\"1920\" height=\"1280\" src=\"https:\/\/allyouneat.com\/wp-content\/uploads\/ultimate-face-cream-scaled-e1775649643154.jpg\" alt=\"\" class=\"wp-image-19182\" style=\"border-top-left-radius:25px;border-top-right-radius:25px;border-bottom-left-radius:25px;border-bottom-right-radius:25px;aspect-ratio:1;object-fit:cover\"\/><\/a><\/figure>\n\n\n\n<h3 class=\"wp-block-heading has-text-align-center\"><a href=\"https:\/\/allyouneat.com\/product\/ultimate-age-defense-face-cream-men\/\" data-type=\"fluent-products\" data-id=\"18011\">Ultimate Age Defense<\/a><\/h3>\n<\/div>\n\n\n\n<div class=\"wp-block-column is-vertically-aligned-center is-layout-flow wp-block-column-is-layout-flow\" style=\"flex-basis:33.33%\">\n<div class=\"wp-block-group is-vertical is-content-justification-center is-layout-flex wp-container-core-group-is-layout-b6c1f246 wp-block-group-is-layout-flex\">\n<figure class=\"wp-block-image size-large has-custom-border\"><a href=\"https:\/\/allyouneat.com\/product\/ultimate-age-defense-face-cream-refill\/\"><img decoding=\"async\" width=\"1920\" height=\"1280\" src=\"https:\/\/allyouneat.com\/wp-content\/uploads\/dsc05509-1920x1280.jpg\" alt=\"\" class=\"wp-image-19183\" style=\"border-top-left-radius:25px;border-top-right-radius:25px;border-bottom-left-radius:25px;border-bottom-right-radius:25px;aspect-ratio:1;object-fit:cover\"\/><\/a><\/figure>\n\n\n\n<h3 class=\"wp-block-heading\"><a href=\"https:\/\/allyouneat.com\/product\/ultimate-age-defense-face-cream-refill\/\" data-type=\"fluent-products\" data-id=\"18101\">Nachf\u00fcller<\/a><\/h3>\n<\/div>\n\n\n\n<div class=\"wp-block-group is-vertical is-content-justification-center is-layout-flex wp-container-core-group-is-layout-b6c1f246 wp-block-group-is-layout-flex\">\n<figure class=\"wp-block-image size-large has-custom-border\"><a href=\"https:\/\/allyouneat.com\/product\/face-wash-aloe-vera\/\"><img decoding=\"async\" width=\"1920\" height=\"1280\" src=\"https:\/\/allyouneat.com\/wp-content\/uploads\/face-wash-aloe-vera-1920x1280.jpg\" alt=\"Face Wash &#x2013; Aloe Vera auf grauem Hintergrund\" class=\"wp-image-18244\" style=\"border-top-left-radius:25px;border-top-right-radius:25px;border-bottom-left-radius:25px;border-bottom-right-radius:25px;aspect-ratio:1;object-fit:cover\"\/><\/a><\/figure>\n\n\n\n<h3 class=\"wp-block-heading\"><a href=\"https:\/\/allyouneat.com\/product\/face-wash-aloe-vera\/\" data-type=\"fluent-products\" data-id=\"18130\">Gesichtsreiniger<\/a><\/h3>\n<\/div>\n<\/div>\n<\/div>\n<\/div>\n<\/div>\n<\/div>\n<\/div>\n\n<div class=\"wp-block-columns is-layout-flex wp-container-core-columns-is-layout-610955cd wp-block-columns-is-layout-flex\" style=\"padding-top:var(--wp--preset--spacing--80);padding-right:0;padding-bottom:var(--wp--preset--spacing--80);padding-left:0\">\n<div class=\"wp-block-column is-layout-flow wp-block-column-is-layout-flow\" style=\"padding-top:0;padding-right:0;padding-bottom:0;padding-left:0\">\n<h2 class=\"wp-block-heading has-text-align-center\" style=\"margin-right:0;margin-bottom:var(--wp--preset--spacing--60)\"><strong>Was unsere Kunden sagen:<\/strong><\/h2>\n\n\n\n<div class=\"wp-block-columns is-layout-flex wp-container-core-columns-is-layout-07b7b7eb wp-block-columns-is-layout-flex\" style=\"padding-top:0;padding-right:0;padding-bottom:0;padding-left:0\">\n<div class=\"wp-block-column is-vertically-aligned-center is-layout-flow wp-block-column-is-layout-flow\">\n<p class=\"has-text-align-center\">\u201eDie Haut meines Freundes sieht frischer aus \u2013 und er benutzt endlich nicht mehr meine Produkte!\u201c<\/p>\n\n\n\n<p class=\"has-text-align-center\"><strong>Marie-Luise H.<\/strong><\/p>\n<\/div>\n\n\n\n<div class=\"wp-block-column is-layout-flow wp-block-column-is-layout-flow\">\n<p class=\"has-text-align-center\">\u201eFeine F\u00e4ltchen sind deutlich gemildert. Ich sehe den Unterschied \u2013 und andere auch.\u201c<\/p>\n\n\n\n<p class=\"has-text-align-center\"><strong>Marco W.<\/strong><\/p>\n<\/div>\n\n\n\n<div class=\"wp-block-column is-layout-flow wp-block-column-is-layout-flow\">\n<p class=\"has-text-align-center\">\u201eIch mag Cremes eigentlich nicht besonders, aber diese hier ist anders. Schnell, angenehm, wirksam.\u201c<\/p>\n\n\n\n<p class=\"has-text-align-center\"><strong>Robert S.<\/strong><\/p>\n<\/div>\n<\/div>\n<\/div>\n<\/div>\n\n<div class=\"wp-block-cover alignfull has-parallax\" style=\"min-height:500px;aspect-ratio:unset;\"><div class=\"wp-block-cover__image-background wp-image-18377 size-full has-parallax\" style=\"background-position:50% 50%;background-image:url(https:\/\/allyouneat.com\/wp-content\/uploads\/all-you-neat-76-scaled.jpg)\"><\/div><span aria-hidden=\"true\" class=\"wp-block-cover__background has-background-dim-0 has-background-dim\" style=\"background-color:#595d5b\"><\/span><div class=\"wp-block-cover__inner-container is-layout-constrained wp-block-cover-is-layout-constrained\">\n<p class=\"has-text-align-center has-large-font-size\"><\/p>\n<\/div><\/div>\n","protected":false},"excerpt":{"rendered":"<p>Speziell f\u00fcr M\u00e4nner entwickelt Vegane &amp; nat\u00fcrliche Kosmetik Hergestellt in Deutschland Dermatologisch getestet Sch\u00f6ne Haut. Eine gute Routine. Warum gerade [&hellip;]<\/p>\n","protected":false},"author":1,"featured_media":0,"parent":0,"menu_order":0,"comment_status":"closed","ping_status":"closed","template":"","meta":{"_acf_changed":false,"_seopress_robots_primary_cat":"","_seopress_titles_title":"","_seopress_titles_desc":"","_seopress_robots_index":"","site-sidebar-layout":"default","site-content-layout":"","ast-site-content-layout":"default","site-content-style":"default","site-sidebar-style":"default","ast-global-header-display":"","ast-banner-title-visibility":"","ast-main-header-display":"","ast-hfb-above-header-display":"","ast-hfb-below-header-display":"","ast-hfb-mobile-header-display":"","site-post-title":"disabled","ast-breadcrumbs-content":"","ast-featured-img":"","footer-sml-layout":"","ast-disable-related-posts":"","theme-transparent-header-meta":"","adv-header-id-meta":"","stick-header-meta":"","header-above-stick-meta":"","header-main-stick-meta":"","header-below-stick-meta":"","astra-migrate-meta-layouts":"default","ast-page-background-enabled":"default","ast-page-background-meta":{"desktop":{"background-color":"var(--ast-global-color-5)","background-image":"","background-repeat":"repeat","background-position":"center center","background-size":"auto","background-attachment":"scroll","background-type":"","background-media":"","overlay-type":"","overlay-color":"","overlay-opacity":"","overlay-gradient":""},"tablet":{"background-color":"","background-image":"","background-repeat":"repeat","background-position":"center center","background-size":"auto","background-attachment":"scroll","background-type":"","background-media":"","overlay-type":"","overlay-color":"","overlay-opacity":"","overlay-gradient":""},"mobile":{"background-color":"","background-image":"","background-repeat":"repeat","background-position":"center center","background-size":"auto","background-attachment":"scroll","background-type":"","background-media":"","overlay-type":"","overlay-color":"","overlay-opacity":"","overlay-gradient":""}},"ast-content-background-meta":{"desktop":{"background-color":"var(--ast-global-color-4)","background-image":"","background-repeat":"repeat","background-position":"center center","background-size":"auto","background-attachment":"scroll","background-type":"","background-media":"","overlay-type":"","overlay-color":"","overlay-opacity":"","overlay-gradient":""},"tablet":{"background-color":"var(--ast-global-color-4)","background-image":"","background-repeat":"repeat","background-position":"center center","background-size":"auto","background-attachment":"scroll","background-type":"","background-media":"","overlay-type":"","overlay-color":"","overlay-opacity":"","overlay-gradient":""},"mobile":{"background-color":"var(--ast-global-color-4)","background-image":"","background-repeat":"repeat","background-position":"center center","background-size":"auto","background-attachment":"scroll","background-type":"","background-media":"","overlay-type":"","overlay-color":"","overlay-opacity":"","overlay-gradient":""}},"footnotes":""},"class_list":["post-19352","page","type-page","status-publish"],"acf":[],"_links":{"self":[{"href":"https:\/\/allyouneat.com\/de\/wp-json\/wp\/v2\/pages\/19352","targetHints":{"allow":["GET"]}}],"collection":[{"href":"https:\/\/allyouneat.com\/de\/wp-json\/wp\/v2\/pages"}],"about":[{"href":"https:\/\/allyouneat.com\/de\/wp-json\/wp\/v2\/types\/page"}],"author":[{"embeddable":true,"href":"https:\/\/allyouneat.com\/de\/wp-json\/wp\/v2\/users\/1"}],"replies":[{"embeddable":true,"href":"https:\/\/allyouneat.com\/de\/wp-json\/wp\/v2\/comments?post=19352"}],"version-history":[{"count":18,"href":"https:\/\/allyouneat.com\/de\/wp-json\/wp\/v2\/pages\/19352\/revisions"}],"predecessor-version":[{"id":19676,"href":"https:\/\/allyouneat.com\/de\/wp-json\/wp\/v2\/pages\/19352\/revisions\/19676"}],"wp:attachment":[{"href":"https:\/\/allyouneat.com\/de\/wp-json\/wp\/v2\/media?parent=19352"}],"curies":[{"name":"wp","href":"https:\/\/api.w.org\/{rel}","templated":true}]}}