{"id":1957,"date":"2021-10-15T15:20:23","date_gmt":"2021-10-15T13:20:23","guid":{"rendered":"https:\/\/allyouneat.com\/?page_id=1957"},"modified":"2024-10-22T22:24:24","modified_gmt":"2024-10-22T20:24:24","slug":"vitamin-p","status":"publish","type":"page","link":"https:\/\/allyouneat.com\/de\/kosmetische-inhaltsstoffe\/vitamin-p\/","title":{"rendered":"Hesperidin Methyl Chalcone"},"content":{"rendered":"\n<h2 class=\"wp-block-heading\">INCI-Bezeichnungen: HESPERIDIN METHYL CHALCONE | DIPEPTIDE-2 | PALMITOYL TETRAPEPTIDE-7<\/h2>\n\n<h3 class=\"wp-block-heading\"><strong>Wirkung<\/strong><\/h3>\n\n<p>Eyeliss (Hesperidin Methyl Chalcone) ist ein restrukturierender, faltenreduzierender Wirkstoffkomplex f\u00fcr Augenpflegeprodukte, der vor allem auch die Bildung von Tr\u00e4nens\u00e4cken verz\u00f6gert. Es besteht aus 3 synergistisch wirkenden Inhaltsstoffen: Hesperidin Methyl Chalcone &#8211; eine modifizierte Form von Hesperidin, das als Flavonoid in Zitrusfr\u00fcchten vorkommt, st\u00e4rkt die Barrierewirkung der Kapillargef\u00e4\u00dfe, so dass der Fl\u00fcssigkeitsaustritt reduziert wird. Das verhindert die Entstehung von \u00d6demen und die damit verbundenen Reizungen. Dipeptid-2, das aus dem japanischen Reiswein Sake isoliert wird, mobilisiert bereits im Gewebe angesammelte Fl\u00fcssigkeit, indem es den Lymphabfluss aktiviert. Palmitoyl Tetrapeptide-7 reduziert lokale Entz\u00fcndungen (verursacht durch Fl\u00fcssigkeitsansammlungen) und gibt der Haut ihre Festigkeit und Elastizit\u00e4t zur\u00fcck.<\/p>\n\n<ul class=\"wp-block-list\">\n<li>hat einen restrukturierenden Effekt<\/li>\n\n\n\n<li>reduziert Falten<\/li>\n\n\n\n<li>reduziert den Fl\u00fcssigkeitsverlust<\/li>\n\n\n\n<li>regeneriert die Elastizit\u00e4t der Haut<\/li>\n\n\n\n<li>antioxidant<\/li>\n<\/ul>\n\n<h3 class=\"wp-block-heading\"><strong>Verwendung<\/strong><\/h3>\n\n<p>Eyeliss wird f\u00fcr restrukturierende Augenpflegeprodukte verwendet, um Augenringe zu reduzieren.<\/p>\n\n<p><\/p>\n\n<div class=\"wp-block-columns is-layout-flex wp-container-core-columns-is-layout-e0e4babd wp-block-columns-is-layout-flex\" style=\"padding-right:0;padding-left:0\">\n<div class=\"wp-block-column is-layout-flow wp-block-column-is-layout-flow\"><\/div>\n\n\n\n<div class=\"wp-block-column is-layout-flow wp-block-column-is-layout-flow\"><\/div>\n<\/div>\n","protected":false},"excerpt":{"rendered":"<p>INCI-Bezeichnungen: HESPERIDIN METHYL CHALCONE | DIPEPTIDE-2 | PALMITOYL TETRAPEPTIDE-7 Wirkung Eyeliss (Hesperidin Methyl Chalcone) ist ein restrukturierender, faltenreduzierender Wirkstoffkomplex f\u00fcr [&hellip;]<\/p>\n","protected":false},"author":1,"featured_media":0,"parent":1871,"menu_order":0,"comment_status":"closed","ping_status":"closed","template":"","meta":{"_seopress_robots_primary_cat":"","_seopress_titles_title":"","_seopress_titles_desc":"%%post_excerpt%%","_seopress_robots_index":"","site-sidebar-layout":"default","site-content-layout":"","ast-site-content-layout":"default","site-content-style":"default","site-sidebar-style":"default","ast-global-header-display":"","ast-banner-title-visibility":"","ast-main-header-display":"","ast-hfb-above-header-display":"","ast-hfb-below-header-display":"","ast-hfb-mobile-header-display":"","site-post-title":"","ast-breadcrumbs-content":"","ast-featured-img":"","footer-sml-layout":"","ast-disable-related-posts":"","theme-transparent-header-meta":"","adv-header-id-meta":"","stick-header-meta":"","header-above-stick-meta":"","header-main-stick-meta":"","header-below-stick-meta":"","astra-migrate-meta-layouts":"default","ast-page-background-enabled":"default","ast-page-background-meta":{"desktop":{"background-color":"var(--ast-global-color-5)","background-image":"","background-repeat":"repeat","background-position":"center center","background-size":"auto","background-attachment":"scroll","background-type":"","background-media":"","overlay-type":"","overlay-color":"","overlay-opacity":"","overlay-gradient":""},"tablet":{"background-color":"","background-image":"","background-repeat":"repeat","background-position":"center center","background-size":"auto","background-attachment":"scroll","background-type":"","background-media":"","overlay-type":"","overlay-color":"","overlay-opacity":"","overlay-gradient":""},"mobile":{"background-color":"","background-image":"","background-repeat":"repeat","background-position":"center center","background-size":"auto","background-attachment":"scroll","background-type":"","background-media":"","overlay-type":"","overlay-color":"","overlay-opacity":"","overlay-gradient":""}},"ast-content-background-meta":{"desktop":{"background-color":"var(--ast-global-color-4)","background-image":"","background-repeat":"repeat","background-position":"center center","background-size":"auto","background-attachment":"scroll","background-type":"","background-media":"","overlay-type":"","overlay-color":"","overlay-opacity":"","overlay-gradient":""},"tablet":{"background-color":"var(--ast-global-color-4)","background-image":"","background-repeat":"repeat","background-position":"center center","background-size":"auto","background-attachment":"scroll","background-type":"","background-media":"","overlay-type":"","overlay-color":"","overlay-opacity":"","overlay-gradient":""},"mobile":{"background-color":"var(--ast-global-color-4)","background-image":"","background-repeat":"repeat","background-position":"center center","background-size":"auto","background-attachment":"scroll","background-type":"","background-media":"","overlay-type":"","overlay-color":"","overlay-opacity":"","overlay-gradient":""}},"iawp_total_views":0,"footnotes":""},"class_list":["post-1957","page","type-page","status-publish"],"_links":{"self":[{"href":"https:\/\/allyouneat.com\/de\/wp-json\/wp\/v2\/pages\/1957","targetHints":{"allow":["GET"]}}],"collection":[{"href":"https:\/\/allyouneat.com\/de\/wp-json\/wp\/v2\/pages"}],"about":[{"href":"https:\/\/allyouneat.com\/de\/wp-json\/wp\/v2\/types\/page"}],"author":[{"embeddable":true,"href":"https:\/\/allyouneat.com\/de\/wp-json\/wp\/v2\/users\/1"}],"replies":[{"embeddable":true,"href":"https:\/\/allyouneat.com\/de\/wp-json\/wp\/v2\/comments?post=1957"}],"version-history":[{"count":0,"href":"https:\/\/allyouneat.com\/de\/wp-json\/wp\/v2\/pages\/1957\/revisions"}],"up":[{"embeddable":true,"href":"https:\/\/allyouneat.com\/de\/wp-json\/wp\/v2\/pages\/1871"}],"wp:attachment":[{"href":"https:\/\/allyouneat.com\/de\/wp-json\/wp\/v2\/media?parent=1957"}],"curies":[{"name":"wp","href":"https:\/\/api.w.org\/{rel}","templated":true}]}}