{"id":2454,"date":"2021-10-15T16:18:44","date_gmt":"2021-10-15T14:18:44","guid":{"rendered":"https:\/\/allyouneat.com\/?page_id=2454"},"modified":"2024-09-01T23:16:05","modified_gmt":"2024-09-01T21:16:05","slug":"nachtkerzenoel","status":"publish","type":"page","link":"https:\/\/allyouneat.com\/de\/kosmetische-inhaltsstoffe\/nachtkerzenoel\/","title":{"rendered":"Nachtkerzen\u00f6l (INCI)"},"content":{"rendered":"<h3>INCI-Bezeichnung: OENOTHERA BIENNIS OIL<\/h3>\n<h4><strong>Entstehung<\/strong><\/h4>\n<p>Nachtkerzen\u00f6l (Oenothera Biennis Oil) wird aus den Samenkapseln der Nachtkerzenpflanze gewonnen und ist reich an mehrfach unges\u00e4ttigten Fetts\u00e4uren (zur Wirkung siehe Vitamin F).<br \/>\nDie Nachtkerze ist eine gelb bl\u00fchende Pflanze mit 3 &#8211; 5 cm gro\u00dfen Bl\u00fcten, die sich nachts \u00f6ffnen und stark duften.<\/p>\n<h4><strong>Wirkstoffe<\/strong><\/h4>\n<p>Zusammensetzung der Fetts\u00e4uren:<\/p>\n<ul>\n<li>Palmitins\u00e4ure 6 %<\/li>\n<li>Stearins\u00e4ure 2 %<\/li>\n<li>\u00d6ls\u00e4ure 10 %<\/li>\n<li>cis-Linolens\u00e4ure 70 %<\/li>\n<li>Gamma-Linolens\u00e4ure 10 %<\/li>\n<\/ul>\n<h4><strong>Wirkung<\/strong><\/h4>\n<p>Nachtkerzen\u00f6l ist pr\u00e4destiniert f\u00fcr schuppige, entz\u00fcndliche und dermatitische Haut. Essentielle Fetts\u00e4uren (Fetts\u00e4uren, die vom K\u00f6rper nicht selbst hergestellt werden k\u00f6nnen) sind wichtige Bausteine f\u00fcr die Synthese von Phospholipiden, aus denen die Membranen der Hautzellen gebildet werden. Studien haben gezeigt, dass Linol- und \u03b3-Linolens\u00e4ure, wenn sie topisch aufgetragen werden, in die Lipidstrukturen der Haut eingebaut werden und sie regenerieren.<\/p>\n<ul>\n<li>geschmeidig machend<\/li>\n<li>pflegend<\/li>\n<li>gl\u00e4ttend<\/li>\n<\/ul>\n<h4><strong>Verwendung<\/strong><\/h4>\n<p>In hochwertigen Hautpflegeprodukten.<\/p>\n<p><a href=\"https:\/\/flatsome.allyouneat.com\/de\/kosmetische-inhaltsstoffe\/\">Bring mich zur\u00fcck zu Kosmetische Inhaltsstoffe!<\/a><\/p>\n","protected":false},"excerpt":{"rendered":"<p>INCI-Bezeichnung: OENOTHERA BIENNIS OIL Entstehung Nachtkerzen\u00f6l (Oenothera Biennis Oil) wird aus den Samenkapseln der Nachtkerzenpflanze gewonnen und ist reich an [&hellip;]<\/p>\n","protected":false},"author":1,"featured_media":0,"parent":1871,"menu_order":0,"comment_status":"closed","ping_status":"closed","template":"","meta":{"_seopress_robots_primary_cat":"","_seopress_titles_title":"","_seopress_titles_desc":"%%post_excerpt%%","_seopress_robots_index":"","site-sidebar-layout":"default","site-content-layout":"","ast-site-content-layout":"default","site-content-style":"default","site-sidebar-style":"default","ast-global-header-display":"","ast-banner-title-visibility":"","ast-main-header-display":"","ast-hfb-above-header-display":"","ast-hfb-below-header-display":"","ast-hfb-mobile-header-display":"","site-post-title":"","ast-breadcrumbs-content":"","ast-featured-img":"","footer-sml-layout":"","ast-disable-related-posts":"","theme-transparent-header-meta":"","adv-header-id-meta":"","stick-header-meta":"","header-above-stick-meta":"","header-main-stick-meta":"","header-below-stick-meta":"","astra-migrate-meta-layouts":"default","ast-page-background-enabled":"default","ast-page-background-meta":{"desktop":{"background-color":"var(--ast-global-color-5)","background-image":"","background-repeat":"repeat","background-position":"center center","background-size":"auto","background-attachment":"scroll","background-type":"","background-media":"","overlay-type":"","overlay-color":"","overlay-opacity":"","overlay-gradient":""},"tablet":{"background-color":"","background-image":"","background-repeat":"repeat","background-position":"center center","background-size":"auto","background-attachment":"scroll","background-type":"","background-media":"","overlay-type":"","overlay-color":"","overlay-opacity":"","overlay-gradient":""},"mobile":{"background-color":"","background-image":"","background-repeat":"repeat","background-position":"center center","background-size":"auto","background-attachment":"scroll","background-type":"","background-media":"","overlay-type":"","overlay-color":"","overlay-opacity":"","overlay-gradient":""}},"ast-content-background-meta":{"desktop":{"background-color":"var(--ast-global-color-4)","background-image":"","background-repeat":"repeat","background-position":"center center","background-size":"auto","background-attachment":"scroll","background-type":"","background-media":"","overlay-type":"","overlay-color":"","overlay-opacity":"","overlay-gradient":""},"tablet":{"background-color":"var(--ast-global-color-4)","background-image":"","background-repeat":"repeat","background-position":"center center","background-size":"auto","background-attachment":"scroll","background-type":"","background-media":"","overlay-type":"","overlay-color":"","overlay-opacity":"","overlay-gradient":""},"mobile":{"background-color":"var(--ast-global-color-4)","background-image":"","background-repeat":"repeat","background-position":"center center","background-size":"auto","background-attachment":"scroll","background-type":"","background-media":"","overlay-type":"","overlay-color":"","overlay-opacity":"","overlay-gradient":""}},"iawp_total_views":0,"footnotes":""},"class_list":["post-2454","page","type-page","status-publish"],"_links":{"self":[{"href":"https:\/\/allyouneat.com\/de\/wp-json\/wp\/v2\/pages\/2454","targetHints":{"allow":["GET"]}}],"collection":[{"href":"https:\/\/allyouneat.com\/de\/wp-json\/wp\/v2\/pages"}],"about":[{"href":"https:\/\/allyouneat.com\/de\/wp-json\/wp\/v2\/types\/page"}],"author":[{"embeddable":true,"href":"https:\/\/allyouneat.com\/de\/wp-json\/wp\/v2\/users\/1"}],"replies":[{"embeddable":true,"href":"https:\/\/allyouneat.com\/de\/wp-json\/wp\/v2\/comments?post=2454"}],"version-history":[{"count":0,"href":"https:\/\/allyouneat.com\/de\/wp-json\/wp\/v2\/pages\/2454\/revisions"}],"up":[{"embeddable":true,"href":"https:\/\/allyouneat.com\/de\/wp-json\/wp\/v2\/pages\/1871"}],"wp:attachment":[{"href":"https:\/\/allyouneat.com\/de\/wp-json\/wp\/v2\/media?parent=2454"}],"curies":[{"name":"wp","href":"https:\/\/api.w.org\/{rel}","templated":true}]}}