{"id":3715,"date":"2021-10-15T16:23:18","date_gmt":"2021-10-15T14:23:18","guid":{"rendered":"https:\/\/allyouneat.com\/?page_id=3715"},"modified":"2024-10-21T22:35:44","modified_gmt":"2024-10-21T20:35:44","slug":"preiselbeerenextrakt","status":"publish","type":"page","link":"https:\/\/allyouneat.com\/de\/kosmetische-inhaltsstoffe\/preiselbeerenextrakt\/","title":{"rendered":"Vaccinium Vitis-Idaea Fruit Extract"},"content":{"rendered":"\n<h2 class=\"wp-block-heading\">INCI-Bezeichnung: VACCINIUM VITIS-IDEA (cranberry) FRUIT EXTRACT<\/h2>\n\n<h3 class=\"wp-block-heading\"><strong>Entstehung<\/strong><\/h3>\n\n<p>Cranberries (Vaccinium Vitis-Idaea) werden haupts\u00e4chlich in Nordamerika, Kanada und Neuengland angebaut. Mit ihrer starken antioxidativen Wirkung sind sie eine hervorragende Pflege f\u00fcr trockene, barrieregest\u00f6rte und reife Haut. Die Beweglichkeit und Durchl\u00e4ssigkeit der Zellmembranen wird gef\u00f6rdert, wodurch die hauteigenen Regenerations- und Stoffwechselprozesse optimiert werden. Auch trockene und ekzemat\u00f6se Haut profitiert von der intensiven Pflegewirkung. Bei fettiger und unreiner Haut wirken Cranberries wiederum entz\u00fcndungshemmend und verhornungsregulierend &#8211; sie verursachen zudem ein leichtes, nicht fettendes Hautgef\u00fchl und zeichnen sich durch ihre hautberuhigende, gl\u00e4ttende und kl\u00e4rende Wirkung aus und sorgen f\u00fcr ein zartes, samtweiches Hautgef\u00fchl.<\/p>\n\n<h3 class=\"wp-block-heading\"><strong>Wirkung von Vaccinium Vitis-Idaea Fruit Extract<\/strong><\/h3>\n\n<p>Preiselbeerenextrakt wirkt<\/p>\n\n<ul class=\"wp-block-list\">\n<li>antioxidant<\/li>\n\n\n\n<li>entz\u00fcndungshemmend<\/li>\n\n\n\n<li>verhornungsregulierend<\/li>\n\n\n\n<li>beruhigend<\/li>\n\n\n\n<li>gl\u00e4ttend<\/li>\n\n\n\n<li>geschmeidig machend<\/li>\n<\/ul>\n\n<h3 class=\"wp-block-heading\"><strong>Verwendung<\/strong><\/h3>\n\n<p>Preiselbeerenextrakt eignet sich hervorragend in Hautpflegeprodukten f\u00fcr trockene, barrierefreie und reife Haut.<\/p>\n\n<p><\/p>\n\n<div class=\"wp-block-columns is-layout-flex wp-container-core-columns-is-layout-e0e4babd wp-block-columns-is-layout-flex\" style=\"padding-right:0;padding-left:0\">\n<div class=\"wp-block-column is-layout-flow wp-block-column-is-layout-flow\"><\/div>\n\n\n\n<div class=\"wp-block-column is-layout-flow wp-block-column-is-layout-flow\"><\/div>\n<\/div>\n","protected":false},"excerpt":{"rendered":"<p>INCI-Bezeichnung: VACCINIUM VITIS-IDEA (cranberry) FRUIT EXTRACT Entstehung Cranberries (Vaccinium Vitis-Idaea) werden haupts\u00e4chlich in Nordamerika, Kanada und Neuengland angebaut. Mit ihrer [&hellip;]<\/p>\n","protected":false},"author":1,"featured_media":0,"parent":1871,"menu_order":0,"comment_status":"closed","ping_status":"closed","template":"","meta":{"_seopress_robots_primary_cat":"","_seopress_titles_title":"%%post_title%% %%sep%% %%sitetitle%%","_seopress_titles_desc":"%%post_excerpt%%","_seopress_robots_index":"","site-sidebar-layout":"default","site-content-layout":"","ast-site-content-layout":"default","site-content-style":"default","site-sidebar-style":"default","ast-global-header-display":"","ast-banner-title-visibility":"","ast-main-header-display":"","ast-hfb-above-header-display":"","ast-hfb-below-header-display":"","ast-hfb-mobile-header-display":"","site-post-title":"","ast-breadcrumbs-content":"","ast-featured-img":"","footer-sml-layout":"","ast-disable-related-posts":"","theme-transparent-header-meta":"","adv-header-id-meta":"","stick-header-meta":"","header-above-stick-meta":"","header-main-stick-meta":"","header-below-stick-meta":"","astra-migrate-meta-layouts":"default","ast-page-background-enabled":"default","ast-page-background-meta":{"desktop":{"background-color":"var(--ast-global-color-5)","background-image":"","background-repeat":"repeat","background-position":"center center","background-size":"auto","background-attachment":"scroll","background-type":"","background-media":"","overlay-type":"","overlay-color":"","overlay-opacity":"","overlay-gradient":""},"tablet":{"background-color":"","background-image":"","background-repeat":"repeat","background-position":"center center","background-size":"auto","background-attachment":"scroll","background-type":"","background-media":"","overlay-type":"","overlay-color":"","overlay-opacity":"","overlay-gradient":""},"mobile":{"background-color":"","background-image":"","background-repeat":"repeat","background-position":"center center","background-size":"auto","background-attachment":"scroll","background-type":"","background-media":"","overlay-type":"","overlay-color":"","overlay-opacity":"","overlay-gradient":""}},"ast-content-background-meta":{"desktop":{"background-color":"var(--ast-global-color-4)","background-image":"","background-repeat":"repeat","background-position":"center center","background-size":"auto","background-attachment":"scroll","background-type":"","background-media":"","overlay-type":"","overlay-color":"","overlay-opacity":"","overlay-gradient":""},"tablet":{"background-color":"var(--ast-global-color-4)","background-image":"","background-repeat":"repeat","background-position":"center center","background-size":"auto","background-attachment":"scroll","background-type":"","background-media":"","overlay-type":"","overlay-color":"","overlay-opacity":"","overlay-gradient":""},"mobile":{"background-color":"var(--ast-global-color-4)","background-image":"","background-repeat":"repeat","background-position":"center center","background-size":"auto","background-attachment":"scroll","background-type":"","background-media":"","overlay-type":"","overlay-color":"","overlay-opacity":"","overlay-gradient":""}},"iawp_total_views":0,"footnotes":""},"class_list":["post-3715","page","type-page","status-publish"],"_links":{"self":[{"href":"https:\/\/allyouneat.com\/de\/wp-json\/wp\/v2\/pages\/3715","targetHints":{"allow":["GET"]}}],"collection":[{"href":"https:\/\/allyouneat.com\/de\/wp-json\/wp\/v2\/pages"}],"about":[{"href":"https:\/\/allyouneat.com\/de\/wp-json\/wp\/v2\/types\/page"}],"author":[{"embeddable":true,"href":"https:\/\/allyouneat.com\/de\/wp-json\/wp\/v2\/users\/1"}],"replies":[{"embeddable":true,"href":"https:\/\/allyouneat.com\/de\/wp-json\/wp\/v2\/comments?post=3715"}],"version-history":[{"count":0,"href":"https:\/\/allyouneat.com\/de\/wp-json\/wp\/v2\/pages\/3715\/revisions"}],"up":[{"embeddable":true,"href":"https:\/\/allyouneat.com\/de\/wp-json\/wp\/v2\/pages\/1871"}],"wp:attachment":[{"href":"https:\/\/allyouneat.com\/de\/wp-json\/wp\/v2\/media?parent=3715"}],"curies":[{"name":"wp","href":"https:\/\/api.w.org\/{rel}","templated":true}]}}