{"id":4910,"date":"2022-06-11T23:05:03","date_gmt":"2022-06-11T21:05:03","guid":{"rendered":"https:\/\/allyouneat.com\/?page_id=4910"},"modified":"2024-09-01T23:16:19","modified_gmt":"2024-09-01T21:16:19","slug":"ysop-inci-2","status":"publish","type":"page","link":"https:\/\/allyouneat.com\/de\/kosmetische-inhaltsstoffe\/ysop-inci-2\/","title":{"rendered":"Ysop (INCI)"},"content":{"rendered":"<h2>INCI name: HYSSOPUS OFFICINALIS EXTRACT<br \/>\nLatin name: Hyssopus Officinalis L.<\/h2>\n<h2>Rating Hyssopus Officinalis extract: SEHR GUT<\/h2>\n<p>Ysop, auch Josefskraut, Kirchen- oder Klosterysop genannt, geh\u00f6rt zur Familie der Lamiaceaen. Dieser Halbstrauch ist im Mittelmeergebiet, in Kleinasien, im Iran, am Kaspischen und Schwarzen Meer beheimatet. Wildwachsend findet man Ysop in den Felsenheiden des Mittelmeerraumes bis in die S\u00fcdalpen, gelegentlich auch in S\u00fcddeutschland.<br \/>\nIn Spanien, S\u00fcdfrankreich, Italien, Bulgarien, Ungarn und anderen L\u00e4ndern wird Ysop zur \u00d6lgewinnung auch kultiviert.<\/p>\n<p><span style=\"color: #cc99ff;\">Wirkstoffe<\/span><br \/>\n&#8211; 0,03-0,16% \u00e4therisches \u00d6l<br \/>\n&#8211; 5-8 % Gerbstoffe (haupts\u00e4chlich mit Rosmarins\u00e4ure)<br \/>\n&#8211; Flavonglucoside: hautps\u00e4chlich Diosmin &#8211; ein Bitterstoffglucosid und Hisperidin<br \/>\n&#8211; Oleanols\u00e4ure<br \/>\n&#8211; Ursols\u00e4ure<br \/>\n&#8211; Sitosterol<\/p>\n<p><span style=\"color: #cc99ff;\">Verwendung<\/span><br \/>\nVolkst\u00fcmlich bei Halsentz\u00fcndungen, Heiserkeit usw. als Gurgelwasser. Innerlich bei Bronchitis, Husten und Asthma. Weiterhin bei Kreislaufschw\u00e4che, Herzbeschwerden und Augenerkrankungen.<\/p>\n<p>Kosmetischer Nutzen: Die Inhaltsstoffe des Ysop wirken als Antioxidantien, entz\u00fcndungshemmend, antibakteriell und antiseptisch und werden daher besonders wirksam in kosmetischen Reinigungsprodukten verwendet.<\/p>\n","protected":false},"excerpt":{"rendered":"<p>INCI name: HYSSOPUS OFFICINALIS EXTRACT Latin name: Hyssopus Officinalis L. Rating Hyssopus Officinalis extract: SEHR GUT Ysop, auch Josefskraut, Kirchen- [&hellip;]<\/p>\n","protected":false},"author":15,"featured_media":0,"parent":1871,"menu_order":0,"comment_status":"closed","ping_status":"closed","template":"","meta":{"_seopress_robots_primary_cat":"","_seopress_titles_title":"","_seopress_titles_desc":"","_seopress_robots_index":"","site-sidebar-layout":"default","site-content-layout":"","ast-site-content-layout":"default","site-content-style":"default","site-sidebar-style":"default","ast-global-header-display":"","ast-banner-title-visibility":"","ast-main-header-display":"","ast-hfb-above-header-display":"","ast-hfb-below-header-display":"","ast-hfb-mobile-header-display":"","site-post-title":"","ast-breadcrumbs-content":"","ast-featured-img":"","footer-sml-layout":"","ast-disable-related-posts":"","theme-transparent-header-meta":"","adv-header-id-meta":"","stick-header-meta":"","header-above-stick-meta":"","header-main-stick-meta":"","header-below-stick-meta":"","astra-migrate-meta-layouts":"default","ast-page-background-enabled":"default","ast-page-background-meta":{"desktop":{"background-color":"var(--ast-global-color-5)","background-image":"","background-repeat":"repeat","background-position":"center center","background-size":"auto","background-attachment":"scroll","background-type":"","background-media":"","overlay-type":"","overlay-color":"","overlay-opacity":"","overlay-gradient":""},"tablet":{"background-color":"","background-image":"","background-repeat":"repeat","background-position":"center center","background-size":"auto","background-attachment":"scroll","background-type":"","background-media":"","overlay-type":"","overlay-color":"","overlay-opacity":"","overlay-gradient":""},"mobile":{"background-color":"","background-image":"","background-repeat":"repeat","background-position":"center center","background-size":"auto","background-attachment":"scroll","background-type":"","background-media":"","overlay-type":"","overlay-color":"","overlay-opacity":"","overlay-gradient":""}},"ast-content-background-meta":{"desktop":{"background-color":"var(--ast-global-color-4)","background-image":"","background-repeat":"repeat","background-position":"center center","background-size":"auto","background-attachment":"scroll","background-type":"","background-media":"","overlay-type":"","overlay-color":"","overlay-opacity":"","overlay-gradient":""},"tablet":{"background-color":"var(--ast-global-color-4)","background-image":"","background-repeat":"repeat","background-position":"center center","background-size":"auto","background-attachment":"scroll","background-type":"","background-media":"","overlay-type":"","overlay-color":"","overlay-opacity":"","overlay-gradient":""},"mobile":{"background-color":"var(--ast-global-color-4)","background-image":"","background-repeat":"repeat","background-position":"center center","background-size":"auto","background-attachment":"scroll","background-type":"","background-media":"","overlay-type":"","overlay-color":"","overlay-opacity":"","overlay-gradient":""}},"iawp_total_views":0,"footnotes":""},"class_list":["post-4910","page","type-page","status-publish"],"_links":{"self":[{"href":"https:\/\/allyouneat.com\/de\/wp-json\/wp\/v2\/pages\/4910","targetHints":{"allow":["GET"]}}],"collection":[{"href":"https:\/\/allyouneat.com\/de\/wp-json\/wp\/v2\/pages"}],"about":[{"href":"https:\/\/allyouneat.com\/de\/wp-json\/wp\/v2\/types\/page"}],"author":[{"embeddable":true,"href":"https:\/\/allyouneat.com\/de\/wp-json\/wp\/v2\/users\/15"}],"replies":[{"embeddable":true,"href":"https:\/\/allyouneat.com\/de\/wp-json\/wp\/v2\/comments?post=4910"}],"version-history":[{"count":0,"href":"https:\/\/allyouneat.com\/de\/wp-json\/wp\/v2\/pages\/4910\/revisions"}],"up":[{"embeddable":true,"href":"https:\/\/allyouneat.com\/de\/wp-json\/wp\/v2\/pages\/1871"}],"wp:attachment":[{"href":"https:\/\/allyouneat.com\/de\/wp-json\/wp\/v2\/media?parent=4910"}],"curies":[{"name":"wp","href":"https:\/\/api.w.org\/{rel}","templated":true}]}}