{"id":9280,"date":"2021-10-15T00:41:41","date_gmt":"2021-10-14T22:41:41","guid":{"rendered":"https:\/\/allyouneat.com\/ingredients-cosmetiques\/acacia-farnesiana-extrait\/"},"modified":"2026-04-02T14:04:10","modified_gmt":"2026-04-02T12:04:10","slug":"acacia-farnesiana-extrait","status":"publish","type":"page","link":"https:\/\/allyouneat.com\/fr\/ingredients-cosmetiques\/acacia-farnesiana-extrait\/","title":{"rendered":"Extrait d&rsquo;Acacia Farnesiana"},"content":{"rendered":"\n<h2 class=\"wp-block-heading\">Nom INCI : ACACIA FARNESIANA EXTRACT<\/h2>\n\n<p><\/p>\n\n<p><strong>\u00c9valuation : MAUVAIS<\/strong><\/p>\n\n<p>Cet extrait est d\u00e9riv\u00e9 des fleurs et des tiges de la plante Acacia. Cet arbre est aussi connu sous le nom de Vachellia farnesianas.<br\/>L&rsquo;extrait d&rsquo;<a href=\"https:\/\/pubmed.ncbi.nlm.nih.gov\/16422266\/\">Acacia farnesiana<\/a> pour la peau est un ingr\u00e9dient d&rsquo;origine v\u00e9g\u00e9tale qui ne fait pas grand-chose pour la peau. Il d\u00e9gage une odeur agr\u00e9able, c&rsquo;est pourquoi il est parfois utilis\u00e9 dans les produits de soins de la peau et les cosm\u00e9tiques.<\/p>\n\n<h3 class=\"wp-block-heading\"><strong>Quels sont les effets de l&rsquo;extrait d&rsquo;Acacia farnesiana ?<\/strong><\/h3>\n\n<p>Aucune recherche n&rsquo;a montr\u00e9 qu&rsquo;elle avait un quelconque avantage pour la peau. Il est couramment ajout\u00e9 aux cosm\u00e9tiques pour leur parfum et est aussi consid\u00e9r\u00e9 comme un astringent. Le parfum n&rsquo;est pas n\u00e9cessaire pour les produits tels que les d\u00e9odorants, les cr\u00e8mes hydratantes ou les masques. Les produits n&rsquo;en ont pas besoin, sauf s&rsquo;ils sont sp\u00e9cifiquement con\u00e7us pour le parfum. Comme il y a toujours un risque inh\u00e9rent de provoquer une irritation ou une allergie avec n&rsquo;importe quel ingr\u00e9dient, le risque que cela se produise apr\u00e8s avoir utilis\u00e9 l&rsquo;extrait d&rsquo;acacia farnesiana est faible mais reste une possibilit\u00e9. Cet ingr\u00e9dient n&rsquo;est pas b\u00e9n\u00e9fique pour la peau et c&rsquo;est pourquoi nous lui attribuons la note \u00ab\u00a0mauvais\u00a0\u00bb. Il n&rsquo;est pas susceptible de te faire du mal mais il n&rsquo;est pas non plus susceptible d&rsquo;aider ta peau.<\/p>\n\n<h3 class=\"wp-block-heading\"><strong>\u00c0 quoi sert l&rsquo;Acacia farnesiana ?<\/strong><\/h3>\n\n<p>Bien qu&rsquo;il soit consid\u00e9r\u00e9 comme un ingr\u00e9dient s\u00fbr, il n&rsquo;apporte aucun avantage notable.<\/p>\n\n<h3 class=\"wp-block-heading\"><strong>Est-ce que c&rsquo;est v\u00e9g\u00e9talien ?<\/strong><\/h3>\n\n<p>Acacia farnesiana est \u00e0 la fois <a href=\"https:\/\/flatsome.allyouneat.com\/product\/ultimate-face-cream\/\">v\u00e9g\u00e9talienne et sans cruaut\u00e9<\/a>. En supposant qu&rsquo;aucun processus non v\u00e9gane n&rsquo;est utilis\u00e9 lors de l&rsquo;obtention de l&rsquo;extrait de la plante. \u00c9vite tous les produits qui contiennent des ingr\u00e9dients d\u00e9riv\u00e9s d&rsquo;animaux. V\u00e9rifie toujours la liste compl\u00e8te des ingr\u00e9dients.<\/p>\n\n<h3 class=\"wp-block-heading\"><strong>L&rsquo;extrait d&rsquo;Acacia farnesiana est-il s\u00fbr ?<\/strong><\/h3>\n\n<p>Des recherches limit\u00e9es ont r\u00e9v\u00e9l\u00e9 que cet extrait n&rsquo;avait aucune toxicit\u00e9 \u00e0 court terme ou aigu\u00eb, bien que d&rsquo;autres recherches soient n\u00e9cessaires pour valider. Bien qu&rsquo;elle ne soit pas jug\u00e9e dangereuse, elle n&rsquo;est peut-\u00eatre pas n\u00e9cessaire \u00e9tant donn\u00e9 les avantages limit\u00e9s et les ingr\u00e9dients alternatifs plus largement \u00e9tudi\u00e9s. Les ingr\u00e9dients qui ne sont pas n\u00e9cessaires au fonctionnement du produit doivent \u00eatre exclus. L&rsquo;ajout d&rsquo;ingr\u00e9dients pour le parfum augmente le risque d&rsquo;irritation ou de sensibilit\u00e9 de la peau. Tu pr\u00e9f\u00e8res avoir un produit qui sent bon ou une peau saine et heureuse ? Nous pensons que tu appr\u00e9cieras une recette sans parfum ajout\u00e9.<\/p>\n\n<p>Plus sur ce sujet : <a title=\"Activit&#xE9;s antioxydantes, antimicrobiennes et de cytotoxicit&#xE9; de l'extrait d'Acacia farnesiana\" href=\"https:\/\/www.sciencedirect.com\/science\/article\/abs\/pii\/S0975357511800830?via%3Dihub\" target=\"_blank\" rel=\"noopener\">Activit\u00e9s antioxydantes, antimicrobiennes et de cytotoxicit\u00e9 d&rsquo;Acacia farnesiana<\/a><\/p>\n\n<div class=\"wp-block-columns is-layout-flex wp-container-core-columns-is-layout-e0e4babd wp-block-columns-is-layout-flex\" style=\"padding-right:0;padding-left:0\">\n<div class=\"wp-block-column is-layout-flow wp-block-column-is-layout-flow\"><\/div>\n\n\n\n<div class=\"wp-block-column is-layout-flow wp-block-column-is-layout-flow\"><\/div>\n<\/div>\n","protected":false},"excerpt":{"rendered":"<p>Nom INCI : ACACIA FARNESIANA EXTRACT \u00c9valuation : MAUVAIS Cet extrait est d\u00e9riv\u00e9 des fleurs et des tiges de la [&hellip;]<\/p>\n","protected":false},"author":1,"featured_media":0,"parent":7603,"menu_order":0,"comment_status":"closed","ping_status":"closed","template":"","meta":{"_seopress_robots_primary_cat":"","_seopress_titles_title":"Extrait d&#039;Acacia Farnesiana %%sep%% Bon ou mauvais %%sep%% V\u00e9rification de la v\u00e9rit\u00e9!","_seopress_titles_desc":"Cet extrait est d\u00e9riv\u00e9 des fleurs et des tiges de la plante Acacia, un arbre \u00e9galement connu sous le nom de Vachellia farnesianas.\nExtrait d&#039;Acacia farnesiana pour la peau..","_seopress_robots_index":"","site-sidebar-layout":"default","site-content-layout":"","ast-site-content-layout":"default","site-content-style":"default","site-sidebar-style":"default","ast-global-header-display":"","ast-banner-title-visibility":"","ast-main-header-display":"","ast-hfb-above-header-display":"","ast-hfb-below-header-display":"","ast-hfb-mobile-header-display":"","site-post-title":"","ast-breadcrumbs-content":"","ast-featured-img":"","footer-sml-layout":"","ast-disable-related-posts":"","theme-transparent-header-meta":"","adv-header-id-meta":"","stick-header-meta":"","header-above-stick-meta":"","header-main-stick-meta":"","header-below-stick-meta":"","astra-migrate-meta-layouts":"default","ast-page-background-enabled":"default","ast-page-background-meta":{"desktop":{"background-color":"var(--ast-global-color-5)","background-image":"","background-repeat":"repeat","background-position":"center center","background-size":"auto","background-attachment":"scroll","background-type":"","background-media":"","overlay-type":"","overlay-color":"","overlay-opacity":"","overlay-gradient":""},"tablet":{"background-color":"","background-image":"","background-repeat":"repeat","background-position":"center center","background-size":"auto","background-attachment":"scroll","background-type":"","background-media":"","overlay-type":"","overlay-color":"","overlay-opacity":"","overlay-gradient":""},"mobile":{"background-color":"","background-image":"","background-repeat":"repeat","background-position":"center center","background-size":"auto","background-attachment":"scroll","background-type":"","background-media":"","overlay-type":"","overlay-color":"","overlay-opacity":"","overlay-gradient":""}},"ast-content-background-meta":{"desktop":{"background-color":"var(--ast-global-color-4)","background-image":"","background-repeat":"repeat","background-position":"center center","background-size":"auto","background-attachment":"scroll","background-type":"","background-media":"","overlay-type":"","overlay-color":"","overlay-opacity":"","overlay-gradient":""},"tablet":{"background-color":"var(--ast-global-color-4)","background-image":"","background-repeat":"repeat","background-position":"center center","background-size":"auto","background-attachment":"scroll","background-type":"","background-media":"","overlay-type":"","overlay-color":"","overlay-opacity":"","overlay-gradient":""},"mobile":{"background-color":"var(--ast-global-color-4)","background-image":"","background-repeat":"repeat","background-position":"center center","background-size":"auto","background-attachment":"scroll","background-type":"","background-media":"","overlay-type":"","overlay-color":"","overlay-opacity":"","overlay-gradient":""}},"footnotes":""},"class_list":["post-9280","page","type-page","status-publish"],"_links":{"self":[{"href":"https:\/\/allyouneat.com\/fr\/wp-json\/wp\/v2\/pages\/9280","targetHints":{"allow":["GET"]}}],"collection":[{"href":"https:\/\/allyouneat.com\/fr\/wp-json\/wp\/v2\/pages"}],"about":[{"href":"https:\/\/allyouneat.com\/fr\/wp-json\/wp\/v2\/types\/page"}],"author":[{"embeddable":true,"href":"https:\/\/allyouneat.com\/fr\/wp-json\/wp\/v2\/users\/1"}],"replies":[{"embeddable":true,"href":"https:\/\/allyouneat.com\/fr\/wp-json\/wp\/v2\/comments?post=9280"}],"version-history":[{"count":2,"href":"https:\/\/allyouneat.com\/fr\/wp-json\/wp\/v2\/pages\/9280\/revisions"}],"predecessor-version":[{"id":19577,"href":"https:\/\/allyouneat.com\/fr\/wp-json\/wp\/v2\/pages\/9280\/revisions\/19577"}],"up":[{"embeddable":true,"href":"https:\/\/allyouneat.com\/fr\/wp-json\/wp\/v2\/pages\/7603"}],"wp:attachment":[{"href":"https:\/\/allyouneat.com\/fr\/wp-json\/wp\/v2\/media?parent=9280"}],"curies":[{"name":"wp","href":"https:\/\/api.w.org\/{rel}","templated":true}]}}