{"id":9951,"date":"2021-10-15T16:27:03","date_gmt":"2021-10-15T14:27:03","guid":{"rendered":"https:\/\/allyouneat.com\/ingredients-cosmetiques\/huile-canola\/"},"modified":"2025-06-10T18:52:58","modified_gmt":"2025-06-10T16:52:58","slug":"huile-canola","status":"publish","type":"page","link":"https:\/\/allyouneat.com\/fr\/ingredients-cosmetiques\/huile-canola\/","title":{"rendered":"Huile de colza"},"content":{"rendered":"\n<h2 class=\"wp-block-heading\">INCI name: HUILE DE CANOLA<\/h2>\n\n<p><\/p>\n\n<h3 class=\"wp-block-heading\"><strong>Origine<\/strong><\/h3>\n\n<p>Le colza est devenu l&rsquo;une des cultures ol\u00e9agineuses les plus importantes ces derni\u00e8res ann\u00e9es. C&rsquo;est une huile v\u00e9g\u00e9tale et elle est obtenue dans les huileries par pression ou extraction de colza de haute qualit\u00e9 (Brassica campestris). Les huiles de colza de la qualit\u00e9 principalement cultiv\u00e9e aujourd&rsquo;hui ont des teneurs tr\u00e8s r\u00e9duites en acide \u00e9rucique (&lt;0,1 %).<\/p>\n\n<h3 class=\"wp-block-heading\"><strong>Ingr\u00e9dients actifs<\/strong><\/h3>\n\n<p>On trouve une forte proportion d&rsquo;acides gras monoinsatur\u00e9s, notamment de l&rsquo;acide ol\u00e9ique (environ 51 &#8211; 70%). La proportion d&rsquo;acides gras polyinsatur\u00e9s est compos\u00e9e d&rsquo;acides gras om\u00e9ga-6 (acide linol\u00e9ique environ 15 &#8211; 30%) et d&rsquo;acides gras om\u00e9ga-3 (acide linol\u00e9ique 5 &#8211; 14%). En outre, elle contient beaucoup de vitamine E et de carot\u00e9no\u00efdes.<\/p>\n\n<h3 class=\"wp-block-heading\"><strong>Effets de<\/strong> <strong>l&rsquo;huile de colza<\/strong><\/h3>\n\n<p>L&rsquo;huile a une teneur \u00e9lev\u00e9e en tocoph\u00e9rol, ce qui prot\u00e8ge les acides gras insatur\u00e9s et emp\u00eache l&rsquo;oxydation des prot\u00e9ines. Les rougeurs caus\u00e9es par les rayons UVB peuvent \u00eatre r\u00e9duites. Elle a un effet hydratant et apaisant.<\/p>\n\n<ul class=\"wp-block-list\">\n<li>adoucissant<\/li>\n\n\n\n<li>calme<\/li>\n\n\n\n<li>fournit de l&rsquo;humidit\u00e9<\/li>\n\n\n\n<li>r\u00e9duit les rougeurs<\/li>\n\n\n\n<li>nourrit la peau<\/li>\n<\/ul>\n\n<h3 class=\"wp-block-heading\"><strong>Utilise<\/strong><\/h3>\n\n<p>Les effets protecteurs et la grande stabilit\u00e9 rendent l&rsquo;<a href=\"https:\/\/en.wikipedia.org\/wiki\/Canola_oil\">huile de colza<\/a> particuli\u00e8rement int\u00e9ressante pour les produits apr\u00e8s-soleil, les produits de protection solaire et les produits pour les peaux sensibles.<\/p>\n\n<p><\/p>\n\n<div class=\"wp-block-columns is-layout-flex wp-container-core-columns-is-layout-e0e4babd wp-block-columns-is-layout-flex\" style=\"padding-right:0;padding-left:0\">\n<div class=\"wp-block-column is-layout-flow wp-block-column-is-layout-flow\"><\/div>\n\n\n\n<div class=\"wp-block-column is-layout-flow wp-block-column-is-layout-flow\"><\/div>\n<\/div>\n","protected":false},"excerpt":{"rendered":"<p>INCI name: HUILE DE CANOLA Origine Le colza est devenu l&rsquo;une des cultures ol\u00e9agineuses les plus importantes ces derni\u00e8res ann\u00e9es. [&hellip;]<\/p>\n","protected":false},"author":1,"featured_media":0,"parent":7603,"menu_order":0,"comment_status":"closed","ping_status":"closed","template":"","meta":{"_seopress_robots_primary_cat":"","_seopress_titles_title":"","_seopress_titles_desc":"","_seopress_robots_index":"","site-sidebar-layout":"default","site-content-layout":"","ast-site-content-layout":"default","site-content-style":"default","site-sidebar-style":"default","ast-global-header-display":"","ast-banner-title-visibility":"","ast-main-header-display":"","ast-hfb-above-header-display":"","ast-hfb-below-header-display":"","ast-hfb-mobile-header-display":"","site-post-title":"","ast-breadcrumbs-content":"","ast-featured-img":"","footer-sml-layout":"","ast-disable-related-posts":"","theme-transparent-header-meta":"","adv-header-id-meta":"","stick-header-meta":"","header-above-stick-meta":"","header-main-stick-meta":"","header-below-stick-meta":"","astra-migrate-meta-layouts":"default","ast-page-background-enabled":"default","ast-page-background-meta":{"desktop":{"background-color":"var(--ast-global-color-5)","background-image":"","background-repeat":"repeat","background-position":"center center","background-size":"auto","background-attachment":"scroll","background-type":"","background-media":"","overlay-type":"","overlay-color":"","overlay-opacity":"","overlay-gradient":""},"tablet":{"background-color":"","background-image":"","background-repeat":"repeat","background-position":"center center","background-size":"auto","background-attachment":"scroll","background-type":"","background-media":"","overlay-type":"","overlay-color":"","overlay-opacity":"","overlay-gradient":""},"mobile":{"background-color":"","background-image":"","background-repeat":"repeat","background-position":"center center","background-size":"auto","background-attachment":"scroll","background-type":"","background-media":"","overlay-type":"","overlay-color":"","overlay-opacity":"","overlay-gradient":""}},"ast-content-background-meta":{"desktop":{"background-color":"var(--ast-global-color-4)","background-image":"","background-repeat":"repeat","background-position":"center center","background-size":"auto","background-attachment":"scroll","background-type":"","background-media":"","overlay-type":"","overlay-color":"","overlay-opacity":"","overlay-gradient":""},"tablet":{"background-color":"var(--ast-global-color-4)","background-image":"","background-repeat":"repeat","background-position":"center center","background-size":"auto","background-attachment":"scroll","background-type":"","background-media":"","overlay-type":"","overlay-color":"","overlay-opacity":"","overlay-gradient":""},"mobile":{"background-color":"var(--ast-global-color-4)","background-image":"","background-repeat":"repeat","background-position":"center center","background-size":"auto","background-attachment":"scroll","background-type":"","background-media":"","overlay-type":"","overlay-color":"","overlay-opacity":"","overlay-gradient":""}},"iawp_total_views":0,"footnotes":""},"class_list":["post-9951","page","type-page","status-publish"],"_links":{"self":[{"href":"https:\/\/allyouneat.com\/fr\/wp-json\/wp\/v2\/pages\/9951","targetHints":{"allow":["GET"]}}],"collection":[{"href":"https:\/\/allyouneat.com\/fr\/wp-json\/wp\/v2\/pages"}],"about":[{"href":"https:\/\/allyouneat.com\/fr\/wp-json\/wp\/v2\/types\/page"}],"author":[{"embeddable":true,"href":"https:\/\/allyouneat.com\/fr\/wp-json\/wp\/v2\/users\/1"}],"replies":[{"embeddable":true,"href":"https:\/\/allyouneat.com\/fr\/wp-json\/wp\/v2\/comments?post=9951"}],"version-history":[{"count":4,"href":"https:\/\/allyouneat.com\/fr\/wp-json\/wp\/v2\/pages\/9951\/revisions"}],"predecessor-version":[{"id":17882,"href":"https:\/\/allyouneat.com\/fr\/wp-json\/wp\/v2\/pages\/9951\/revisions\/17882"}],"up":[{"embeddable":true,"href":"https:\/\/allyouneat.com\/fr\/wp-json\/wp\/v2\/pages\/7603"}],"wp:attachment":[{"href":"https:\/\/allyouneat.com\/fr\/wp-json\/wp\/v2\/media?parent=9951"}],"curies":[{"name":"wp","href":"https:\/\/api.w.org\/{rel}","templated":true}]}}