{"id":9961,"date":"2021-10-15T16:22:59","date_gmt":"2021-10-15T14:22:59","guid":{"rendered":"https:\/\/allyouneat.com\/ingredients-cosmetiques\/carbomere\/"},"modified":"2025-06-10T18:34:04","modified_gmt":"2025-06-10T16:34:04","slug":"carbomere","status":"publish","type":"page","link":"https:\/\/allyouneat.com\/fr\/ingredients-cosmetiques\/carbomere\/","title":{"rendered":"Carbom\u00e8re"},"content":{"rendered":"\n<h2 class=\"wp-block-heading\">INCI name: CARBOMER<\/h2>\n\n<h3 class=\"wp-block-heading\"><strong>Origine<\/strong><\/h3>\n\n<p>L&rsquo;ingr\u00e9dient actif, l&rsquo;acide polyacrylique (Carbom\u00e8re), est un gel artificiel qui lie l&rsquo;humidit\u00e9.<\/p>\n\n<h3 class=\"wp-block-heading\"><strong>Effet<\/strong><\/h3>\n\n<ul class=\"wp-block-list\">\n<li>stabilisant d&rsquo;\u00e9mulsion<\/li>\n\n\n\n<li>g\u00e9lifiant<\/li>\n\n\n\n<li>R\u00e9gulation de la viscosit\u00e9<\/li>\n<\/ul>\n\n<h3 class=\"wp-block-heading\"><strong>Utilise<\/strong><\/h3>\n\n<p>Sert d&rsquo;auxiliaire pour stabiliser les \u00e9mulsions et les syst\u00e8mes tensioactifs et est \u00e9galement responsable de la viscosit\u00e9 des produits cosm\u00e9tiques.<\/p>\n\n<p><\/p>\n","protected":false},"excerpt":{"rendered":"<p>INCI name: CARBOMER Origine L&rsquo;ingr\u00e9dient actif, l&rsquo;acide polyacrylique (Carbom\u00e8re), est un gel artificiel qui lie l&rsquo;humidit\u00e9. Effet Utilise Sert d&rsquo;auxiliaire [&hellip;]<\/p>\n","protected":false},"author":1,"featured_media":0,"parent":7603,"menu_order":0,"comment_status":"closed","ping_status":"closed","template":"","meta":{"_seopress_robots_primary_cat":"","_seopress_titles_title":"","_seopress_titles_desc":"","_seopress_robots_index":"","site-sidebar-layout":"default","site-content-layout":"","ast-site-content-layout":"default","site-content-style":"default","site-sidebar-style":"default","ast-global-header-display":"","ast-banner-title-visibility":"","ast-main-header-display":"","ast-hfb-above-header-display":"","ast-hfb-below-header-display":"","ast-hfb-mobile-header-display":"","site-post-title":"","ast-breadcrumbs-content":"","ast-featured-img":"","footer-sml-layout":"","ast-disable-related-posts":"","theme-transparent-header-meta":"","adv-header-id-meta":"","stick-header-meta":"","header-above-stick-meta":"","header-main-stick-meta":"","header-below-stick-meta":"","astra-migrate-meta-layouts":"default","ast-page-background-enabled":"default","ast-page-background-meta":{"desktop":{"background-color":"var(--ast-global-color-5)","background-image":"","background-repeat":"repeat","background-position":"center center","background-size":"auto","background-attachment":"scroll","background-type":"","background-media":"","overlay-type":"","overlay-color":"","overlay-opacity":"","overlay-gradient":""},"tablet":{"background-color":"","background-image":"","background-repeat":"repeat","background-position":"center center","background-size":"auto","background-attachment":"scroll","background-type":"","background-media":"","overlay-type":"","overlay-color":"","overlay-opacity":"","overlay-gradient":""},"mobile":{"background-color":"","background-image":"","background-repeat":"repeat","background-position":"center center","background-size":"auto","background-attachment":"scroll","background-type":"","background-media":"","overlay-type":"","overlay-color":"","overlay-opacity":"","overlay-gradient":""}},"ast-content-background-meta":{"desktop":{"background-color":"var(--ast-global-color-4)","background-image":"","background-repeat":"repeat","background-position":"center center","background-size":"auto","background-attachment":"scroll","background-type":"","background-media":"","overlay-type":"","overlay-color":"","overlay-opacity":"","overlay-gradient":""},"tablet":{"background-color":"var(--ast-global-color-4)","background-image":"","background-repeat":"repeat","background-position":"center center","background-size":"auto","background-attachment":"scroll","background-type":"","background-media":"","overlay-type":"","overlay-color":"","overlay-opacity":"","overlay-gradient":""},"mobile":{"background-color":"var(--ast-global-color-4)","background-image":"","background-repeat":"repeat","background-position":"center center","background-size":"auto","background-attachment":"scroll","background-type":"","background-media":"","overlay-type":"","overlay-color":"","overlay-opacity":"","overlay-gradient":""}},"footnotes":""},"class_list":["post-9961","page","type-page","status-publish"],"_links":{"self":[{"href":"https:\/\/allyouneat.com\/fr\/wp-json\/wp\/v2\/pages\/9961","targetHints":{"allow":["GET"]}}],"collection":[{"href":"https:\/\/allyouneat.com\/fr\/wp-json\/wp\/v2\/pages"}],"about":[{"href":"https:\/\/allyouneat.com\/fr\/wp-json\/wp\/v2\/types\/page"}],"author":[{"embeddable":true,"href":"https:\/\/allyouneat.com\/fr\/wp-json\/wp\/v2\/users\/1"}],"replies":[{"embeddable":true,"href":"https:\/\/allyouneat.com\/fr\/wp-json\/wp\/v2\/comments?post=9961"}],"version-history":[{"count":2,"href":"https:\/\/allyouneat.com\/fr\/wp-json\/wp\/v2\/pages\/9961\/revisions"}],"predecessor-version":[{"id":17867,"href":"https:\/\/allyouneat.com\/fr\/wp-json\/wp\/v2\/pages\/9961\/revisions\/17867"}],"up":[{"embeddable":true,"href":"https:\/\/allyouneat.com\/fr\/wp-json\/wp\/v2\/pages\/7603"}],"wp:attachment":[{"href":"https:\/\/allyouneat.com\/fr\/wp-json\/wp\/v2\/media?parent=9961"}],"curies":[{"name":"wp","href":"https:\/\/api.w.org\/{rel}","templated":true}]}}